{"id":80,"date":"2016-09-27T22:34:48","date_gmt":"2016-09-27T22:34:48","guid":{"rendered":"http:\/\/www.alasdeloriente.com\/web\/?page_id=80"},"modified":"2024-04-29T13:37:34","modified_gmt":"2024-04-29T18:37:34","slug":"nosotros","status":"publish","type":"page","link":"https:\/\/www.alasdeloriente.com\/web\/nosotros\/","title":{"rendered":"NOSOTROS"},"content":{"rendered":"<p>[et_pb_section fb_built=\u00bb1&#8243; fullwidth=\u00bbon\u00bb admin_label=\u00bbsection\u00bb _builder_version=\u00bb4.16&#8243; global_colors_info=\u00bb{}\u00bb][et_pb_fullwidth_slider admin_label=\u00bbFullwidth Slider\u00bb _builder_version=\u00bb4.16&#8243; parallax=\u00bbon\u00bb custom_padding=\u00bb|||\u00bb custom_padding_tablet=\u00bb|||\u00bb custom_padding_phone=\u00bb|||\u00bb box_shadow_style=\u00bbpreset6&#8243; box_shadow_blur=\u00bb10px\u00bb box_shadow_color=\u00bbrgba(0,0,0,0.1)\u00bb remove_inner_shadow=\u00bboff\u00bb hide_content_on_mobile=\u00bboff\u00bb hide_cta_on_mobile=\u00bboff\u00bb show_inner_shadow=\u00bbon\u00bb button_letter_spacing_hover=\u00bb0&#8243; global_colors_info=\u00bb{}\u00bb button_text_size__hover_enabled=\u00bboff\u00bb button_one_text_size__hover_enabled=\u00bboff\u00bb button_two_text_size__hover_enabled=\u00bboff\u00bb button_text_color__hover_enabled=\u00bboff\u00bb button_one_text_color__hover_enabled=\u00bboff\u00bb button_two_text_color__hover_enabled=\u00bboff\u00bb button_border_width__hover_enabled=\u00bboff\u00bb button_one_border_width__hover_enabled=\u00bboff\u00bb button_two_border_width__hover_enabled=\u00bboff\u00bb button_border_color__hover_enabled=\u00bboff\u00bb button_one_border_color__hover_enabled=\u00bboff\u00bb button_two_border_color__hover_enabled=\u00bboff\u00bb button_border_radius__hover_enabled=\u00bboff\u00bb button_one_border_radius__hover_enabled=\u00bboff\u00bb button_two_border_radius__hover_enabled=\u00bboff\u00bb button_letter_spacing__hover_enabled=\u00bbon\u00bb button_letter_spacing__hover=\u00bb0&#8243; button_one_letter_spacing__hover_enabled=\u00bboff\u00bb button_two_letter_spacing__hover_enabled=\u00bboff\u00bb button_bg_color__hover_enabled=\u00bboff\u00bb button_one_bg_color__hover_enabled=\u00bboff\u00bb button_two_bg_color__hover_enabled=\u00bboff\u00bb][et_pb_slide heading=\u00bbCONOCE MAS SOBRE NOSOTROS\u00bb use_bg_overlay=\u00bboff\u00bb use_text_overlay=\u00bboff\u00bb _builder_version=\u00bb4.16&#8243; header_font=\u00bb||||\u00bb body_font=\u00bb||||\u00bb background_color=\u00bb#ffffff\u00bb background_image=\u00bbhttp:\/\/www.alasdeloriente.com\/web\/wp-content\/uploads\/2016\/09\/mision.jpg\u00bb button_icon_placement=\u00bbright\u00bb button_on_hover=\u00bbon\u00bb global_colors_info=\u00bb{}\u00bb sticky_transition=\u00bbon\u00bb button_text_size__hover_enabled=\u00bboff\u00bb button_one_text_size__hover_enabled=\u00bboff\u00bb button_two_text_size__hover_enabled=\u00bboff\u00bb button_text_color__hover_enabled=\u00bboff\u00bb button_one_text_color__hover_enabled=\u00bboff\u00bb button_two_text_color__hover_enabled=\u00bboff\u00bb button_border_width__hover_enabled=\u00bboff\u00bb button_one_border_width__hover_enabled=\u00bboff\u00bb button_two_border_width__hover_enabled=\u00bboff\u00bb button_border_color__hover_enabled=\u00bboff\u00bb button_one_border_color__hover_enabled=\u00bboff\u00bb button_two_border_color__hover_enabled=\u00bboff\u00bb button_border_radius__hover_enabled=\u00bboff\u00bb button_one_border_radius__hover_enabled=\u00bboff\u00bb button_two_border_radius__hover_enabled=\u00bboff\u00bb button_letter_spacing__hover_enabled=\u00bboff\u00bb button_one_letter_spacing__hover_enabled=\u00bboff\u00bb button_two_letter_spacing__hover_enabled=\u00bboff\u00bb button_bg_color__hover_enabled=\u00bboff\u00bb button_one_bg_color__hover_enabled=\u00bboff\u00bb button_two_bg_color__hover_enabled=\u00bboff\u00bb]ALAS DEL ORIENTE &#8211; IQUITOS PER\u00da.<br \/>\n[\/et_pb_slide][\/et_pb_fullwidth_slider][\/et_pb_section][et_pb_section fb_built=\u00bb1&#8243; admin_label=\u00bbsection\u00bb _builder_version=\u00bb4.16&#8243; global_colors_info=\u00bb{}\u00bb][et_pb_row admin_label=\u00bbrow\u00bb _builder_version=\u00bb4.16&#8243; background_size=\u00bbinitial\u00bb background_position=\u00bbtop_left\u00bb background_repeat=\u00bbrepeat\u00bb global_colors_info=\u00bb{}\u00bb column_structure=\u00bb1_2,1_2&#8243;][et_pb_column type=\u00bb1_2&#8243; _builder_version=\u00bb4.16&#8243; custom_padding=\u00bb|||\u00bb global_colors_info=\u00bb{}\u00bb custom_padding__hover=\u00bb|||\u00bb][et_pb_blurb title=\u00bbVISI\u00d3N\u00bb image=\u00bbhttp:\/\/www.alasdeloriente.com\/web\/wp-content\/uploads\/2016\/09\/nst1.jpg\u00bb image_icon_width=\u00bbnone\u00bb admin_label=\u00bbBlurb\u00bb _builder_version=\u00bb4.16&#8243; background_size=\u00bbinitial\u00bb background_position=\u00bbtop_left\u00bb background_repeat=\u00bbrepeat\u00bb text_orientation=\u00bbcenter\u00bb use_border_color=\u00bboff\u00bb border_color=\u00bb#ffffff\u00bb border_style=\u00bbsolid\u00bb image_max_width=\u00bbnone\u00bb use_circle=\u00bboff\u00bb use_circle_border=\u00bboff\u00bb circle_border_color=\u00bb#2ea3f2&#8243; circle_color=\u00bb#2ea3f2&#8243; global_colors_info=\u00bb{}\u00bb]Contribuir al desarrollo socio econ\u00f3mico de la regi\u00f3n, brindando servicio a\u00e9reo a los lugares m\u00e1s apartados de nuestra selva; trasladando sus pobladores, personalidades, empresarios, turistas, as\u00ed como transportando productos de primera necesidad y otros.<br \/>\n[\/et_pb_blurb][\/et_pb_column][et_pb_column type=\u00bb1_2&#8243; _builder_version=\u00bb4.16&#8243; custom_padding=\u00bb|||\u00bb global_colors_info=\u00bb{}\u00bb custom_padding__hover=\u00bb|||\u00bb][et_pb_blurb title=\u00bbMISI\u00d3N\u00bb image=\u00bbhttp:\/\/www.alasdeloriente.com\/web\/wp-content\/uploads\/2016\/09\/nst2.jpg\u00bb image_icon_width=\u00bbnone\u00bb admin_label=\u00bbBlurb\u00bb _builder_version=\u00bb4.16&#8243; background_size=\u00bbinitial\u00bb background_position=\u00bbtop_left\u00bb background_repeat=\u00bbrepeat\u00bb text_orientation=\u00bbcenter\u00bb use_border_color=\u00bboff\u00bb border_color=\u00bb#ffffff\u00bb border_style=\u00bbsolid\u00bb image_max_width=\u00bbnone\u00bb use_circle=\u00bboff\u00bb use_circle_border=\u00bboff\u00bb circle_border_color=\u00bb#2ea3f2&#8243; circle_color=\u00bb#2ea3f2&#8243; global_colors_info=\u00bb{}\u00bb]Nuestra empresa tiene como principal objetivo posicionarse firmemente en la regi\u00f3n, brindando servicio de transporte a\u00e9reo r\u00e1pido y seguro con su aeronave con flotadores, sirviendo de esta manera a los poblados mas apartados ubicados en cada orilla de nuestros r\u00edos, lagos o cochas.<br \/>\n[\/et_pb_blurb][\/et_pb_column][\/et_pb_row][\/et_pb_section][et_pb_section fb_built=\u00bb1&#8243; inner_shadow=\u00bbon\u00bb admin_label=\u00bbsection\u00bb _builder_version=\u00bb4.16&#8243; background_color=\u00bb#f7f7f7&#8243; global_colors_info=\u00bb{}\u00bb][et_pb_row admin_label=\u00bbrow\u00bb _builder_version=\u00bb4.16&#8243; background_size=\u00bbinitial\u00bb background_position=\u00bbtop_left\u00bb background_repeat=\u00bbrepeat\u00bb global_colors_info=\u00bb{}\u00bb column_structure=\u00bb1_3,2_3&#8243;][et_pb_column type=\u00bb1_3&#8243; _builder_version=\u00bb4.16&#8243; custom_padding=\u00bb|||\u00bb global_colors_info=\u00bb{}\u00bb custom_padding__hover=\u00bb|||\u00bb][et_pb_text admin_label=\u00bbText\u00bb _builder_version=\u00bb4.25.0&#8243; background_size=\u00bbinitial\u00bb background_position=\u00bbtop_left\u00bb background_repeat=\u00bbrepeat\u00bb hover_enabled=\u00bb0&#8243; use_border_color=\u00bboff\u00bb border_color=\u00bb#ffffff\u00bb border_style=\u00bbsolid\u00bb global_colors_info=\u00bb{}\u00bb sticky_enabled=\u00bb0&#8243;]<\/p>\n<h1>Nuestra Empresa<\/h1>\n<p>Alas del Oriente SAC, empresa privada netamente loretana constituida con socios capitalistas peruanos; dedicada al Servicio de Transporte A\u00e9reo No Regular de Pasajeros y Carga.<\/p>\n<p>Nuestra empresa cuenta con el <strong>Certificado de Explotador de Servicios A\u00e9reos N\u00ba 048<\/strong> otorgado por la Direcci\u00f3n General de Aeron\u00e1utica Civil del Ministerio de Transportes y Comunicaciones.<\/p>\n<p>Contamos con el Certificado de <strong>Organizaci\u00f3n de Mantenimiento Aprobado &#8211; OMA 097<\/strong>, otorgado por la Direcci\u00f3n Genereal de Aeron\u00e1utica Civil del Miniterio de Transportes y Comunicaciones.<\/p>\n<p>[\/et_pb_text][\/et_pb_column][et_pb_column type=\u00bb2_3&#8243; _builder_version=\u00bb4.16&#8243; custom_padding=\u00bb|||\u00bb global_colors_info=\u00bb{}\u00bb custom_padding__hover=\u00bb|||\u00bb][et_pb_counters bar_bg_color=\u00bb#2ea3f2&#8243; admin_label=\u00bbBar Counters\u00bb _builder_version=\u00bb4.16&#8243; background_color=\u00bb#dddddd\u00bb custom_padding=\u00bb|||\u00bb custom_padding_tablet=\u00bb|||\u00bb custom_padding_phone=\u00bb|||\u00bb custom_padding_last_edited=\u00bboff|desktop\u00bb border_radii=\u00bbon|0px|0px|0px|0px\u00bb use_border_color=\u00bboff\u00bb border_color=\u00bb#ffffff\u00bb border_style=\u00bbsolid\u00bb border_radius=\u00bb0&#8243; global_colors_info=\u00bb{}\u00bb][et_pb_counter percent=\u00bb100&#8243; _builder_version=\u00bb4.16&#8243; global_colors_info=\u00bb{}\u00bb bar_background_color_default=\u00bb#2ea3f2&#8243; use_percentages=\u00bbon\u00bb border_radius=\u00bb0&#8243;] Puntualidad [\/et_pb_counter][et_pb_counter percent=\u00bb100&#8243; _builder_version=\u00bb4.16&#8243; global_colors_info=\u00bb{}\u00bb bar_background_color_default=\u00bb#2ea3f2&#8243; use_percentages=\u00bbon\u00bb border_radius=\u00bb0&#8243;] Seriedad [\/et_pb_counter][et_pb_counter percent=\u00bb100&#8243; _builder_version=\u00bb4.16&#8243; global_colors_info=\u00bb{}\u00bb bar_background_color_default=\u00bb#2ea3f2&#8243; use_percentages=\u00bbon\u00bb border_radius=\u00bb0&#8243;] Atenci\u00f3n personalizada [\/et_pb_counter][et_pb_counter percent=\u00bb100&#8243; _builder_version=\u00bb4.16&#8243; global_colors_info=\u00bb{}\u00bb bar_background_color_default=\u00bb#2ea3f2&#8243; use_percentages=\u00bbon\u00bb border_radius=\u00bb0&#8243;] Vuelos Frecuentes [\/et_pb_counter][\/et_pb_counters][\/et_pb_column][\/et_pb_row][\/et_pb_section]<\/p>\n","protected":false},"excerpt":{"rendered":"<p>ALAS DEL ORIENTE &#8211; IQUITOS PER\u00da. Contribuir al desarrollo socio econ\u00f3mico de la regi\u00f3n, brindando servicio a\u00e9reo a los lugares m\u00e1s apartados de nuestra selva; trasladando sus pobladores, personalidades, empresarios, turistas, as\u00ed como transportando productos de primera necesidad y otros. Nuestra empresa tiene como principal objetivo posicionarse firmemente en la regi\u00f3n, brindando servicio de transporte [&hellip;]<\/p>\n","protected":false},"author":1,"featured_media":0,"parent":0,"menu_order":0,"comment_status":"closed","ping_status":"closed","template":"","meta":{"_et_pb_use_builder":"on","_et_pb_old_content":"","_et_gb_content_width":"","footnotes":""},"class_list":["post-80","page","type-page","status-publish","hentry"],"_links":{"self":[{"href":"https:\/\/www.alasdeloriente.com\/web\/wp-json\/wp\/v2\/pages\/80","targetHints":{"allow":["GET"]}}],"collection":[{"href":"https:\/\/www.alasdeloriente.com\/web\/wp-json\/wp\/v2\/pages"}],"about":[{"href":"https:\/\/www.alasdeloriente.com\/web\/wp-json\/wp\/v2\/types\/page"}],"author":[{"embeddable":true,"href":"https:\/\/www.alasdeloriente.com\/web\/wp-json\/wp\/v2\/users\/1"}],"replies":[{"embeddable":true,"href":"https:\/\/www.alasdeloriente.com\/web\/wp-json\/wp\/v2\/comments?post=80"}],"version-history":[{"count":8,"href":"https:\/\/www.alasdeloriente.com\/web\/wp-json\/wp\/v2\/pages\/80\/revisions"}],"predecessor-version":[{"id":28882,"href":"https:\/\/www.alasdeloriente.com\/web\/wp-json\/wp\/v2\/pages\/80\/revisions\/28882"}],"wp:attachment":[{"href":"https:\/\/www.alasdeloriente.com\/web\/wp-json\/wp\/v2\/media?parent=80"}],"curies":[{"name":"wp","href":"https:\/\/api.w.org\/{rel}","templated":true}]}}